{"id":14,"date":"2019-03-11T10:05:50","date_gmt":"2019-03-11T09:05:50","guid":{"rendered":"https:\/\/www2.energie-info.fr\/pro\/?page_id=14"},"modified":"2019-06-07T13:47:17","modified_gmt":"2019-06-07T11:47:17","slug":"comparateurs-et-outils","status":"publish","type":"page","link":"https:\/\/www.energie-info.fr\/pro\/comparateurs-et-outils\/","title":{"rendered":"Comparateurs et outils"},"content":{"rendered":"<p>Avec les outils propos\u00e9s par le <a href=\"https:\/\/energie-mediateur.fr\" target=\"_blank\" rel=\"noopener noreferrer\"><span class='tooltipsall tooltipsincontent classtoolTips14'>m\u00e9diateur national de l\u2019\u00e9nergie<\/span><\/a>, je peux comparer les offres d\u2019\u00e9lectricit\u00e9, de gaz naturel ou de gaz en citerne (GPL), saisir le m\u00e9diateur en ligne en cas de litige, estimer ma consommation d\u2019\u00e9lectricit\u00e9 ou de gaz naturel, choisir l\u2019option tarifaire d\u2019\u00e9lectricit\u00e9 la plus adapt\u00e9e \u00e0 ma consommation, observer l\u2019\u00e9volution des <span class='tooltipsall tooltipsincontent classtoolTips44'>tarifs r\u00e9glement\u00e9s<\/span> depuis 10 ans ou v\u00e9rifier le montant de la <span class='tooltipsall tooltipsincontent classtoolTips8'>CTA<\/span> \u00e9lectricit\u00e9.<\/p>\n<script type=\"text\/javascript\"> toolTips('.classtoolTips8','La contribution tarifaire d\\'acheminement (CTA) permet le financement des droits sp\u00e9cifiques du r\u00e9gime sp\u00e9cial de l\u2019assurance vieillesse pour le personnel des entreprises \u00e9lectriques et gazi\u00e8res. Tous les clients sont assujettis \u00e0 cette taxe qui figure sur les factures d\u2019\u00e9lectricit\u00e9 et de gaz naturel.'); <\/script><script type=\"text\/javascript\"> toolTips('.classtoolTips14','Autorit\u00e9 publique ind\u00e9pendante charg\u00e9e de recommander des solutions aux litiges avec un fournisseur ou <span class='tooltipsall tooltipsincontent classtoolTips66'>distributeur<\/span> d\u2019\u00e9nergie et de participer \u00e0 l\\'information des consommateurs sur leurs droits. Le <span class='tooltipsall tooltipsincontent classtoolTips14'>m\u00e9diateur national de l\u2019\u00e9nergie<\/span> peut \u00eatre saisi en cas de litige li\u00e9 \u00e0 l\u2019ex\u00e9cution du contrat, si la r\u00e9clamation \u00e9crite aupr\u00e8s de l\u2019op\u00e9rateur n\u2019a pas permis de r\u00e9gler le diff\u00e9rend dans un d\u00e9lai de deux mois.<br\/><br\/><em>&gt; Voir le<a href=\"https:\/\/www.energie-mediateur.fr\" target=\"_blank\" rel=\"noopener noreferrer\"> site du m\u00e9diateur national de l\\'\u00e9nergie<\/a><\/em>'); <\/script><script type=\"text\/javascript\"> toolTips('.classtoolTips44','Les <span class='tooltipsall tooltipsincontent classtoolTips44'>tarifs r\u00e9glement\u00e9s<\/span> sont des prix de l\u2019\u00e9nergie fix\u00e9s directement par l\u2019\u00c9tat.<br\/>Aujourd\u2019hui, ils existent uniquement pour l\u2019\u00e9lectricit\u00e9 (ils ont disparu pour le gaz naturel depuis le 1er juillet 2023).<br\/>Ces tarifs couvrent \u00e0 la fois le co\u00fbt de production de l\u2019\u00e9lectricit\u00e9 et son acheminement jusqu\u2019aux consommateurs.<br\/>Ils ne sont propos\u00e9s que par les fournisseurs historiques (EDF ou les entreprises locales de distribution)<br\/>\u00c0 c\u00f4t\u00e9 de ces tarifs r\u00e9glement\u00e9s, il existe aussi des offres de march\u00e9, propos\u00e9es par tous les fournisseurs d\u2019\u00e9nergie. Dans ce cas, ce sont les fournisseurs qui fixent librement leurs prix dans le contrat.'); <\/script><script type=\"text\/javascript\"> toolTips('.classtoolTips54','Format d\u2019enregistrement des consommations d\u2019\u00e9lectricit\u00e9.<br\/>A titre d\u2019exemples :<br\/>-Option base : le <span class='tooltipsall tooltipsincontent classtoolTips73'>compteur<\/span> enregistre les consommations sans <span class='tooltipsall tooltipsincontent classtoolTips29'>diff\u00e9renciation horaire<\/span> ; le prix de l\\'\u00e9nergie est identique tout au long de la journ\u00e9e.<br\/>-Option heures pleines\/heures creuses : le <span class='tooltipsall tooltipsincontent classtoolTips73'>compteur<\/span> enregistre les consommations selon deux plages horaires, une en \u00ab heures pleines \u00bb (HP) et une en \u00ab heures creuses \u00bb (HC) ; le prix de l\u2019\u00e9nergie est diff\u00e9rent en \u00ab heures pleines \u00bb et en \u00ab heures creuses \u00bb.<br\/><br\/>-Option Tempo pour les tarifs r\u00e8glement\u00e9s : le <span class='tooltipsall tooltipsincontent classtoolTips73'>compteur<\/span> enregistre les consommations selon six plages horaires correspondant aux heures pleines \/ heures creuses pour des jours :<br\/>1. Bleus : tarifs les plus avantageux ;<br\/>2. Blancs : tarifs interm\u00e9diaires ;<br\/>3. Rouges : tarifs les plus \u00e9lev\u00e9s.<br\/><br\/>La couleur du jour est fix\u00e9e la veille pour le lendemain. Le nombre des jours blancs et rouges dans une ann\u00e9e est limit\u00e9.<br\/><br\/>-Option EJP (en extinction) pour les tarifs r\u00e8glement\u00e9s : le compteur enregistre les consommations selon deux plages horaires (heures de pointe et heures normales). Ce type d\u2019offre n\u2019est plus propos\u00e9.'); <\/script>","protected":false},"excerpt":{"rendered":"<p>Avec les outils propos\u00e9s par le m\u00e9diateur national de l\u2019\u00e9nergie, je peux comparer les offres d\u2019\u00e9lectricit\u00e9, de gaz naturel ou de gaz en citerne (GPL), saisir le m\u00e9diateur en ligne en cas de litige, estimer ma consommation d\u2019\u00e9lectricit\u00e9 ou de gaz naturel, choisir l\u2019option tarifaire d\u2019\u00e9lectricit\u00e9 la plus adapt\u00e9e \u00e0 ma consommation, observer l\u2019\u00e9volution des [&hellip;]<\/p>\n","protected":false},"author":2,"featured_media":0,"parent":0,"menu_order":3,"comment_status":"closed","ping_status":"closed","template":"tools.php","meta":{"_acf_changed":false,"footnotes":""},"class_list":["post-14","page","type-page","status-publish","hentry"],"acf":[],"yoast_head":"<!-- This site is optimized with the Yoast SEO plugin v25.6 - https:\/\/yoast.com\/wordpress\/plugins\/seo\/ -->\n<title>Comparateurs et outils - \u00e9nergie-info PRO<\/title>\n<meta name=\"robots\" content=\"noindex, nofollow\" \/>\n<meta property=\"og:locale\" content=\"fr_FR\" \/>\n<meta property=\"og:type\" content=\"article\" \/>\n<meta property=\"og:title\" content=\"Comparateurs et outils - \u00e9nergie-info PRO\" \/>\n<meta property=\"og:description\" content=\"Avec les outils propos\u00e9s par le m\u00e9diateur national de l\u2019\u00e9nergie, je peux comparer les offres d\u2019\u00e9lectricit\u00e9, de gaz naturel ou de gaz en citerne (GPL), saisir le m\u00e9diateur en ligne en cas de litige, estimer ma consommation d\u2019\u00e9lectricit\u00e9 ou de gaz naturel, choisir l\u2019option tarifaire d\u2019\u00e9lectricit\u00e9 la plus adapt\u00e9e \u00e0 ma consommation, observer l\u2019\u00e9volution des [&hellip;]\" \/>\n<meta property=\"og:url\" content=\"https:\/\/www.energie-info.fr\/pro\/comparateurs-et-outils\/\" \/>\n<meta property=\"og:site_name\" content=\"\u00e9nergie-info PRO\" \/>\n<meta property=\"article:publisher\" content=\"https:\/\/www.facebook.com\/mediateurenergie\" \/>\n<meta property=\"article:modified_time\" content=\"2019-06-07T11:47:17+00:00\" \/>\n<meta property=\"og:image\" content=\"https:\/\/www.energie-info.fr\/pro\/wp-content\/uploads\/2021\/02\/banniere-partage-rsEI.png\" \/>\n\t<meta property=\"og:image:width\" content=\"602\" \/>\n\t<meta property=\"og:image:height\" content=\"315\" \/>\n\t<meta property=\"og:image:type\" content=\"image\/png\" \/>\n<meta name=\"twitter:card\" content=\"summary_large_image\" \/>\n<meta name=\"twitter:image\" content=\"https:\/\/www.energie-info.fr\/pro\/wp-content\/uploads\/2021\/09\/Banniere-twitter-generique.png\" \/>\n<meta name=\"twitter:site\" content=\"@med_energie\" \/>\n<script type=\"application\/ld+json\" class=\"yoast-schema-graph\">{\"@context\":\"https:\/\/schema.org\",\"@graph\":[{\"@type\":\"WebPage\",\"@id\":\"https:\/\/www.energie-info.fr\/pro\/comparateurs-et-outils\/\",\"url\":\"https:\/\/www.energie-info.fr\/pro\/comparateurs-et-outils\/\",\"name\":\"Comparateurs et outils - \u00e9nergie-info PRO\",\"isPartOf\":{\"@id\":\"https:\/\/www.energie-info.fr\/pro\/#website\"},\"datePublished\":\"2019-03-11T09:05:50+00:00\",\"dateModified\":\"2019-06-07T11:47:17+00:00\",\"breadcrumb\":{\"@id\":\"https:\/\/www.energie-info.fr\/pro\/comparateurs-et-outils\/#breadcrumb\"},\"inLanguage\":\"fr-FR\",\"potentialAction\":[{\"@type\":\"ReadAction\",\"target\":[\"https:\/\/www.energie-info.fr\/pro\/comparateurs-et-outils\/\"]}]},{\"@type\":\"BreadcrumbList\",\"@id\":\"https:\/\/www.energie-info.fr\/pro\/comparateurs-et-outils\/#breadcrumb\",\"itemListElement\":[{\"@type\":\"ListItem\",\"position\":1,\"name\":\"Accueil\",\"item\":\"https:\/\/www.energie-info.fr\/pro\/\"},{\"@type\":\"ListItem\",\"position\":2,\"name\":\"Comparateurs et outils\"}]},{\"@type\":\"WebSite\",\"@id\":\"https:\/\/www.energie-info.fr\/pro\/#website\",\"url\":\"https:\/\/www.energie-info.fr\/pro\/\",\"name\":\"\u00e9nergie-info PRO\",\"description\":\"energie-info.fr, le site d&#039;information du m\u00e9diateur national de l&#039;\u00e9nergie, institution publique ind\u00e9pendante\",\"potentialAction\":[{\"@type\":\"SearchAction\",\"target\":{\"@type\":\"EntryPoint\",\"urlTemplate\":\"https:\/\/www.energie-info.fr\/pro\/?s={search_term_string}\"},\"query-input\":{\"@type\":\"PropertyValueSpecification\",\"valueRequired\":true,\"valueName\":\"search_term_string\"}}],\"inLanguage\":\"fr-FR\"}]}<\/script>\n<!-- \/ Yoast SEO plugin. -->","yoast_head_json":{"title":"Comparateurs et outils - \u00e9nergie-info PRO","robots":{"index":"noindex","follow":"nofollow"},"og_locale":"fr_FR","og_type":"article","og_title":"Comparateurs et outils - \u00e9nergie-info PRO","og_description":"Avec les outils propos\u00e9s par le m\u00e9diateur national de l\u2019\u00e9nergie, je peux comparer les offres d\u2019\u00e9lectricit\u00e9, de gaz naturel ou de gaz en citerne (GPL), saisir le m\u00e9diateur en ligne en cas de litige, estimer ma consommation d\u2019\u00e9lectricit\u00e9 ou de gaz naturel, choisir l\u2019option tarifaire d\u2019\u00e9lectricit\u00e9 la plus adapt\u00e9e \u00e0 ma consommation, observer l\u2019\u00e9volution des [&hellip;]","og_url":"https:\/\/www.energie-info.fr\/pro\/comparateurs-et-outils\/","og_site_name":"\u00e9nergie-info PRO","article_publisher":"https:\/\/www.facebook.com\/mediateurenergie","article_modified_time":"2019-06-07T11:47:17+00:00","og_image":[{"width":602,"height":315,"url":"https:\/\/www.energie-info.fr\/pro\/wp-content\/uploads\/2021\/02\/banniere-partage-rsEI.png","type":"image\/png"}],"twitter_card":"summary_large_image","twitter_image":"https:\/\/www.energie-info.fr\/pro\/wp-content\/uploads\/2021\/09\/Banniere-twitter-generique.png","twitter_site":"@med_energie","schema":{"@context":"https:\/\/schema.org","@graph":[{"@type":"WebPage","@id":"https:\/\/www.energie-info.fr\/pro\/comparateurs-et-outils\/","url":"https:\/\/www.energie-info.fr\/pro\/comparateurs-et-outils\/","name":"Comparateurs et outils - \u00e9nergie-info PRO","isPartOf":{"@id":"https:\/\/www.energie-info.fr\/pro\/#website"},"datePublished":"2019-03-11T09:05:50+00:00","dateModified":"2019-06-07T11:47:17+00:00","breadcrumb":{"@id":"https:\/\/www.energie-info.fr\/pro\/comparateurs-et-outils\/#breadcrumb"},"inLanguage":"fr-FR","potentialAction":[{"@type":"ReadAction","target":["https:\/\/www.energie-info.fr\/pro\/comparateurs-et-outils\/"]}]},{"@type":"BreadcrumbList","@id":"https:\/\/www.energie-info.fr\/pro\/comparateurs-et-outils\/#breadcrumb","itemListElement":[{"@type":"ListItem","position":1,"name":"Accueil","item":"https:\/\/www.energie-info.fr\/pro\/"},{"@type":"ListItem","position":2,"name":"Comparateurs et outils"}]},{"@type":"WebSite","@id":"https:\/\/www.energie-info.fr\/pro\/#website","url":"https:\/\/www.energie-info.fr\/pro\/","name":"\u00e9nergie-info PRO","description":"energie-info.fr, le site d&#039;information du m\u00e9diateur national de l&#039;\u00e9nergie, institution publique ind\u00e9pendante","potentialAction":[{"@type":"SearchAction","target":{"@type":"EntryPoint","urlTemplate":"https:\/\/www.energie-info.fr\/pro\/?s={search_term_string}"},"query-input":{"@type":"PropertyValueSpecification","valueRequired":true,"valueName":"search_term_string"}}],"inLanguage":"fr-FR"}]}},"_links":{"self":[{"href":"https:\/\/www.energie-info.fr\/pro\/wp-json\/wp\/v2\/pages\/14","targetHints":{"allow":["GET"]}}],"collection":[{"href":"https:\/\/www.energie-info.fr\/pro\/wp-json\/wp\/v2\/pages"}],"about":[{"href":"https:\/\/www.energie-info.fr\/pro\/wp-json\/wp\/v2\/types\/page"}],"author":[{"embeddable":true,"href":"https:\/\/www.energie-info.fr\/pro\/wp-json\/wp\/v2\/users\/2"}],"replies":[{"embeddable":true,"href":"https:\/\/www.energie-info.fr\/pro\/wp-json\/wp\/v2\/comments?post=14"}],"version-history":[{"count":3,"href":"https:\/\/www.energie-info.fr\/pro\/wp-json\/wp\/v2\/pages\/14\/revisions"}],"predecessor-version":[{"id":542,"href":"https:\/\/www.energie-info.fr\/pro\/wp-json\/wp\/v2\/pages\/14\/revisions\/542"}],"wp:attachment":[{"href":"https:\/\/www.energie-info.fr\/pro\/wp-json\/wp\/v2\/media?parent=14"}],"curies":[{"name":"wp","href":"https:\/\/api.w.org\/{rel}","templated":true}]}}