{"id":18,"date":"2019-03-11T10:06:19","date_gmt":"2019-03-11T09:06:19","guid":{"rendered":"https:\/\/www2.energie-info.fr\/pro\/?page_id=18"},"modified":"2025-12-08T13:26:11","modified_gmt":"2025-12-08T12:26:11","slug":"mentions-legales","status":"publish","type":"page","link":"https:\/\/www.energie-info.fr\/pro\/mentions-legales\/","title":{"rendered":"Mentions l\u00e9gales"},"content":{"rendered":"<p><strong>Pr\u00e9sentation du site <span class='tooltipsall tooltipsincontent classtoolTips65'>energie-info<\/span>.fr<\/strong><\/p>\n<p>Tous les consommateurs en France m\u00e9tropolitaine ont la possibilit\u00e9, s&rsquo;ils le souhaitent, de choisir leur fournisseur d\u2019\u00e9lectricit\u00e9 ou de gaz naturel.<\/p>\n<p>Le site d\u2019information www.<span class='tooltipsall tooltipsincontent classtoolTips65'>energie-info<\/span>.fr est \u00e9dit\u00e9 par\u00a0<a href=\"https:\/\/www.energie-mediateur.fr\/\" target=\"_blank\" rel=\"noopener noreferrer\">le <span class='tooltipsall tooltipsincontent classtoolTips14'>m\u00e9diateur national de l\u2019\u00e9nergie<\/span><\/a>.<\/p>\n<p>Les contenus ont \u00e9t\u00e9 \u00e9labor\u00e9s en liaison avec les pouvoirs publics :<\/p>\n<p>&#8211;\u00a0<a href=\"https:\/\/www.cre.fr\/\" target=\"_blank\" rel=\"noopener noreferrer\">la Commission de r\u00e9gulation de l&rsquo;\u00e9nergie (<span class='tooltipsall tooltipsincontent classtoolTips7'>CRE<\/span>)<\/a>\u00a0;<br \/>\n&#8211;\u00a0<a href=\"http:\/\/www.economie.gouv.fr\/dgccrf\/Publications\/Vie-pratique\/Fiches-pratiques\/Electricite-ou-gaz-naturel-ouverture-des-marches\" target=\"_blank\" rel=\"noopener noreferrer\">la Direction G\u00e9n\u00e9rale de la Concurrence, de la Consommation et de la R\u00e9pression des Fraudes (DGCCRF) ;<\/a><br \/>\n&#8211;\u00a0<a href=\"https:\/\/www.ecologique-solidaire.gouv.fr\/direction-generale-lenergie-et-du-climat-dgec\" target=\"_blank\" rel=\"noopener noreferrer\">la Direction G\u00e9n\u00e9rale de l\u2019Energie et du Climat (DGEC).<\/a><\/p>\n<p>Le site www.<span class='tooltipsall tooltipsincontent classtoolTips65'>energie-info<\/span>.fr a pour objectif de donner aux consommateurs un maximum de lisibilit\u00e9 sur les conditions pratiques d\u2019exercice de la concurrence cons\u00e9cutives \u00e0 l\u2019ouverture des march\u00e9s de l\u2019\u00e9lectricit\u00e9 et du gaz naturel. Toutefois, www.<span class='tooltipsall tooltipsincontent classtoolTips65'>energie-info<\/span>.fr ne saurait \u00eatre assimil\u00e9 \u00e0 un service client ou \u00e0 une association de consommateurs ou d\u2019utilisateurs. En cas de litige concernant une entreprise du secteur de l&rsquo;\u00e9nergie, le consommateur doit entamer une proc\u00e9dure de r\u00e9clamation \u00e9crite aupr\u00e8s de son fournisseur, acheteur ou gestionnaire de r\u00e9seau. Si le litige n\u2019est pas r\u00e9gl\u00e9, il a, selon sa situation, la possibilit\u00e9 de s&rsquo;adresser au <a href=\"https:\/\/www.energie-mediateur.fr\/\" target=\"_blank\" rel=\"noopener noreferrer\"><span class='tooltipsall tooltipsincontent classtoolTips14'>m\u00e9diateur national de l\u2019\u00e9nergie<\/span><\/a>\u00a0ou \u00e0 la\u00a0<a href=\"http:\/\/www.economie.gouv.fr\/dgccrf\/Publications\/Vie-pratique\/Fiches-pratiques\/Electricite-ou-gaz-naturel-ouverture-des-marches\" target=\"_blank\" rel=\"noopener noreferrer\">DGCCRF<\/a>. Dans tous les cas, il peut entamer une proc\u00e9dure contentieuse en saisissant le tribunal comp\u00e9tent. Si le litige concerne l\u2019acc\u00e8s aux r\u00e9seaux de distribution d\u2019\u00e9lectricit\u00e9 et de gaz naturel, le\u00a0<a href=\"https:\/\/www.cre.fr\/La-CRE\/Le-cordis\" target=\"_blank\" rel=\"noopener noreferrer\">CoRDiS (Comit\u00e9 de R\u00e8glement des Diff\u00e9rends et des Sanctions) de la <span class='tooltipsall tooltipsincontent classtoolTips7'>CRE<\/span><\/a>\u00a0peut \u00e9galement s&rsquo;av\u00e9rer comp\u00e9tent.<\/p>\n<p>&nbsp;<\/p>\n<p><strong>Contenus du site<\/strong><\/p>\n<p>Les consommateurs trouveront sur le site www.<span class='tooltipsall tooltipsincontent classtoolTips65'>energie-info<\/span>.fr des informations pratiques sur leurs d\u00e9marches et leurs droits, un comparateur d&rsquo;offres des fournisseurs d&rsquo;\u00e9lectricit\u00e9 et gaz naturel en France, la liste des fournisseurs d\u2019\u00e9lectricit\u00e9 et de gaz naturel, des calculettes, des questions-r\u00e9ponses fr\u00e9quemment pos\u00e9es par les consommateurs, des fiches pratiques \u00e0 t\u00e9l\u00e9charger au format PDF ainsi que des informations pour en savoir plus sur les march\u00e9s de l\u2019\u00e9lectricit\u00e9 et du gaz naturel en France et en Europe.<\/p>\n<p>L\u2019essentiel des contenus propos\u00e9s sur le site a \u00e9t\u00e9 \u00e9labor\u00e9 sur la base des travaux conduits par un groupe de travail compos\u00e9 notamment d&rsquo;associations de consommateurs, de fournisseurs d&rsquo;\u00e9nergie, des gestionnaires de r\u00e9seaux, des repr\u00e9sentants des pouvoirs publics (<a href=\"https:\/\/www.energie-mediateur.fr\/\" target=\"_blank\" rel=\"noopener noreferrer\"><span class='tooltipsall tooltipsincontent classtoolTips14'>m\u00e9diateur national de l\u2019\u00e9nergie<\/span><\/a>,\u00a0<a href=\"https:\/\/www.cre.fr\/\" target=\"_blank\" rel=\"noopener noreferrer\"><span class='tooltipsall tooltipsincontent classtoolTips7'>CRE<\/span><\/a>,\u00a0<a href=\"http:\/\/www.economie.gouv.fr\/dgccrf\/Publications\/Vie-pratique\/Fiches-pratiques\/Electricite-ou-gaz-naturel-ouverture-des-marches\" target=\"_blank\" rel=\"noopener noreferrer\">DGCCRF<\/a>,\u00a0<a href=\"https:\/\/www.ecologique-solidaire.gouv.fr\/direction-generale-lenergie-et-du-climat-dgec\" target=\"_blank\" rel=\"noopener noreferrer\">DGEC<\/a>).<\/p>\n<p>La liste des fournisseurs et le comparateur d&rsquo;offres ont \u00e9t\u00e9 constitu\u00e9s \u00e0 partir des renseignements adress\u00e9s volontairement par les fournisseurs proposant des offres aux consommateurs du march\u00e9 fran\u00e7ais. Elle n\u2019a pas de valeur d\u2019autorisation ou de d\u00e9claration et n\u2019est pas n\u00e9cessairement exhaustive.<\/p>\n<p><strong>Informations \u00e9diteur<\/strong><\/p>\n<p><span class='tooltipsall tooltipsincontent classtoolTips14'>m\u00e9diateur national de l\u2019\u00e9nergie<\/span><br \/>\nLa Grande Arche, Paroi Sud &#8211; CS 70292 &#8211; 92055 La D\u00e9fense Cedex<br \/>\nT\u00e9l. +33 (0)1 44 94 66 00<br \/>\nURL :\u00a0<a href=\"https:\/\/www.energie-info.fr\/\" target=\"_blank\" rel=\"noopener noreferrer\">https:\/\/www.<span class='tooltipsall tooltipsincontent classtoolTips65'>energie-info<\/span>.fr\/<\/a><br \/>\nDirecteur de la publication : Bernard DOROSZCZUK, M\u00e9diateur national\u00a0 de l\u2019\u00e9nergie<br \/>\nResponsable \u00e9ditorial : Caroline Keller, Cheffe du service Information et communication<\/p>\n<p>&nbsp;<\/p>\n<p><strong>H\u00e9bergement<\/strong><\/p>\n<p>DRI<br \/>\nEspace Villeneuve B11 &#8211; 72650 Saint-Saturnin<br \/>\nT\u00e9l. +33 (0)2 90 92 05 50<\/p>\n<p>&nbsp;<\/p>\n<p><strong>Cr\u00e9dits<\/strong><\/p>\n<p>Visuels photo : ISTOCKPHOTO.<br \/>\nPhoto <span class='tooltipsall tooltipsincontent classtoolTips73'>compteur<\/span> Linky : Thuillier Jean-Claude, Quantin Gwena\u00ebl\u00a0; Agence \/ Maison de Production TOMA<br \/>\nIllustrations, design et direction artistique :\u00a0<a href=\"http:\/\/www.userstudio.fr\/\" target=\"_blank\" rel=\"noopener noreferrer\">USER STUDIO<\/a>\u00a0&#8211; 46-48 rue Ren\u00e9 Clair &#8211; 75018 Paris<\/p>\n<p>&nbsp;<\/p>\n<p><strong>Utilisation des marques du <span class='tooltipsall tooltipsincontent classtoolTips14'>m\u00e9diateur national de l\u2019\u00e9nergie<\/span><\/strong><\/p>\n<p>Les marques verbales et visuelles (logos) \u00ab M\u00c9DIATEUR NATIONAL DE L\u2019\u00c9NERGIE \u00bb, \u00ab <span class='tooltipsall tooltipsincontent classtoolTips65'>energie-info<\/span> \u00bb et \u00ab SOLLEN \u00bb sont prot\u00e9g\u00e9es.<\/p>\n<p>Leur utilisation sans autorisation \u00e9crite du <span class='tooltipsall tooltipsincontent classtoolTips14'>m\u00e9diateur national de l\u2019\u00e9nergie<\/span>, sur tout support, \u00e0 des fins de valorisation de produits ou de services, notamment \u00e0 des fins commerciales, est interdite sous peine de poursuites p\u00e9nales et civiles.<\/p>\n<p>Elle est admise \u00e0 des fins strictement p\u00e9dagogiques (pr\u00e9sentation des actions du <span class='tooltipsall tooltipsincontent classtoolTips14'>m\u00e9diateur national de l\u2019\u00e9nergie<\/span>, etc.).<\/p>\n<p>Pour toute autre r\u00e9utilisation, nous consulter au pr\u00e9alable par messagerie \u00e9lectronique \u00e0 l\u2019adresse suivante :\u00a0<a href=\"mailto:communication@energie-mediateur.fr\" target=\"_blank\" rel=\"noopener noreferrer\">communication@energie-mediateur.fr<\/a>.<\/p>\n<p>&nbsp;<\/p>\n<p><strong>Propri\u00e9t\u00e9 et droits de reproduction<\/strong><\/p>\n<p>Les textes et les articles publi\u00e9s sur le site www.<span class='tooltipsall tooltipsincontent classtoolTips65'>energie-info<\/span>.fr sont des contenus p\u00e9dagogiques qui ne peuvent \u00eatre utilis\u00e9s \u00e0 des fins commerciales ou publicitaires, sous peine de poursuites p\u00e9nales et civiles.<\/p>\n<p>Il en est de m\u00eame des images disponibles sur le site comprenant les photographies, captures \u00e9cran et illustrations qui sont la propri\u00e9t\u00e9 exclusive du <span class='tooltipsall tooltipsincontent classtoolTips14'>m\u00e9diateur national de l\u2019\u00e9nergie<\/span> (sous r\u00e9serve des droits de propri\u00e9t\u00e9 intellectuelle de tiers).<br \/>\nLa reproduction des pages et des documents publi\u00e9s sur le site n\u2019est autoris\u00e9e qu\u2019\u00e0 des fins p\u00e9dagogiques, personnelles ou associatives et \u00e0 la condition de respecter l&rsquo;int\u00e9grit\u00e9 des documents reproduits (pas de modification ni alt\u00e9ration d&rsquo;aucune sorte), de mentionner clairement la source et la date du document (\u00e0 d\u00e9faut sa date de mise \u00e0 jour) et de cr\u00e9er un lien lisible sur la ou les pages de r\u00e9f\u00e9rence (avec citation de l&rsquo;adresse Internet du site dans la r\u00e9f\u00e9rence).<\/p>\n<p>Pour toute autre r\u00e9utilisation, nous consulter au pr\u00e9alable par messagerie \u00e9lectronique \u00e0 l\u2019adresse suivante :\u00a0<a href=\"mailto:communication@energie-mediateur.fr\" target=\"_blank\" rel=\"noopener noreferrer\">communication@energie-mediateur.fr<\/a>.<\/p>\n<p>&nbsp;<\/p>\n<p><strong>Cr\u00e9ation de liens hypertextes<\/strong><\/p>\n<p>La cr\u00e9ation de liens pointant sur le site <span class='tooltipsall tooltipsincontent classtoolTips65'>energie-info<\/span>.fr est autoris\u00e9e, sous r\u00e9serve du respect des proc\u00e9dures d\u00e9crites ci-dessous :<\/p>\n<p>&#8211; L&rsquo;\u00e9tablissement d&rsquo;un lien hypertexte vers une page du site www.<span class='tooltipsall tooltipsincontent classtoolTips65'>energie-info<\/span>.fr doit \u00eatre explicite. Une mention pr\u00e9cisant le nom et l&rsquo;adresse du site www.<span class='tooltipsall tooltipsincontent classtoolTips65'>energie-info<\/span>.fr doit pr\u00e9c\u00e9der ce lien.<br \/>\n&#8211; Les pages du site d&rsquo;<span class='tooltipsall tooltipsincontent classtoolTips65'>energie-info<\/span>.fr ne doivent pas \u00eatre imbriqu\u00e9es \u00e0 l&rsquo;int\u00e9rieur d&rsquo;autres pages.<br \/>\n&#8211; Les liens pointant sur la page d&rsquo;accueil se font en utilisant l&rsquo;adresse http:\/\/www.<span class='tooltipsall tooltipsincontent classtoolTips65'>energie-info<\/span>.fr\/.<\/p>\n<div id=\"cookie\"><\/div>\n<p>&nbsp;<\/p>\n<p><strong>Statistiques et utilisation des cookies<\/strong><\/p>\n<p><em>Afin de mieux vous servir et d\u2019am\u00e9liorer l\u2019exp\u00e9rience utilisateur sur notre site, nous mesurons son audience gr\u00e2ce \u00e0 aux solutions d\u2019AT internet utilisant la technologie des cookies.<br \/>\nLes donn\u00e9es collect\u00e9es permettent de fournir uniquement des donn\u00e9es statistiques anonymes de fr\u00e9quentation (le nombre de pages vues, le nombre de visites, leur fr\u00e9quence de retour, &#8230;).<br \/>\nSi vous ne souhaitez pas \u00eatre audit\u00e9, vous pouvez vous reporter aux <a href=\"http:\/\/www.atinternet.com\/societe\/protection-des-donnees\/\">modalit\u00e9s de respect de la vie priv\u00e9e<\/a>.<\/em><\/p>\n<p>&nbsp;<\/p>\n<p><strong>Donn\u00e9es personnelles<\/strong><\/p>\n<p>Le site\u00a0<a href=\"https:\/\/www.energie-info.fr\/\" target=\"_self\" rel=\"noopener noreferrer\">www.<span class='tooltipsall tooltipsincontent classtoolTips65'>energie-info<\/span>.fr<\/a>\u00a0se conforme strictement aux lois en vigueur sur la protection des donn\u00e9es personnelles. Aucune information personnelle n&rsquo;est collect\u00e9e \u00e0 l\u2019insu de l\u2019internaute.<br \/>\nLes donn\u00e9es personnelles recueillies lors de questions pos\u00e9es sur le formulaire de contact font l\u2019objet d\u2019un traitement informatique. Elles peuvent \u00eatre transmises aux op\u00e9rateurs concern\u00e9s par votre demande d\u2019information, mais elles ne sont pas communiqu\u00e9es \u00e0 des tiers non autoris\u00e9s. Ces donn\u00e9es sont conserv\u00e9es pour une dur\u00e9e de cinq ans, puis d\u00e9truites.<br \/>\nConform\u00e9ment aux dispositions des articles 38 et suivants de la loi n\u00b078-17 du 6 janvier 1978 relative \u00e0 l&rsquo;informatique, aux fichiers et aux libert\u00e9s, tout utilisateur dispose d&rsquo;un droit d&rsquo;acc\u00e8s, de rectification et d&rsquo;opposition aux donn\u00e9es personnelles le concernant.<br \/>\nLa demande doit \u00eatre adress\u00e9e au d\u00e9l\u00e9gu\u00e9 \u00e0 la protection des donn\u00e9es, qui peut \u00eatre contact\u00e9 :<br \/>\n\u2022\u00a0\u00a0 \u00a0par messagerie \u00e9lectronique \u00e0 l&rsquo;adresse :\u00a0<a href=\"mailto:dpo@energie-mediateur.fr\" target=\"_self\" rel=\"noopener noreferrer\">dpo@energie-mediateur.fr<\/a>\u00a0;<br \/>\n\u2022\u00a0\u00a0 \u00a0ou par courrier postal \u00e0 l\u2019adresse suivante : \u00ab M\u00e9diateur national de l&rsquo;\u00e9nergie, Libre r\u00e9ponse n\u00b059252 \u2013 75443 Paris Cedex 09 \u00bb.<br \/>\nLa demande doit \u00eatre accompagn\u00e9e d\u2019une copie du titre d&rsquo;identit\u00e9 avec signature du titulaire de la pi\u00e8ce, en pr\u00e9cisant l&rsquo;adresse \u00e0 laquelle la r\u00e9ponse doit \u00eatre envoy\u00e9e.<\/p>\n<p>&nbsp;<\/p>\n<p><strong>Loi applicable<\/strong><\/p>\n<p>L\u2019usage de ce site est r\u00e9gi par la loi fran\u00e7aise \u00e0 l\u2019exception de toute autre l\u00e9gislation.<\/p>\n<p>M\u00e9diateur national de l&rsquo;\u00e9nergie, Libre r\u00e9ponse n\u00b059252 \u2013 75443 Paris Cedex 09<\/p>\n<script type=\"text\/javascript\"> toolTips('.classtoolTips7','Autorit\u00e9 administrative ind\u00e9pendante charg\u00e9e d\u2019assurer le bon fonctionnement des march\u00e9s de l\u2019\u00e9lectricit\u00e9 et du gaz naturel et de superviser notamment l\\'acc\u00e8s aux r\u00e9seaux de transport et de distribution. La Commission de r\u00e9gulation de l\u2019\u00e9nergie (CRE) \u00e9dicte les r\u00e8gles de fonctionnement du march\u00e9 pour \u00e9viter les entraves au d\u00e9veloppement de la concurrence. Elle poss\u00e8de un pouvoir de contr\u00f4le, d\\'audit et de sanction vis-\u00e0-vis des op\u00e9rateurs.'); <\/script><script type=\"text\/javascript\"> toolTips('.classtoolTips9','Estimation de la consommation de gaz naturel d\u2019un point de comptage et d\u2019estimation pour une ann\u00e9e. La consommation annuelle de r\u00e9f\u00e9rence (CAR) est calcul\u00e9e par le gestionnaire de r\u00e9seau de distribution \u00e0 partir des index de consommation corrig\u00e9s selon des donn\u00e9es climatiques moyennes.'); <\/script><script type=\"text\/javascript\"> toolTips('.classtoolTips14','Autorit\u00e9 publique ind\u00e9pendante charg\u00e9e de recommander des solutions aux litiges avec un fournisseur ou <span class='tooltipsall tooltipsincontent classtoolTips66'>distributeur<\/span> d\u2019\u00e9nergie et de participer \u00e0 l\\'information des consommateurs sur leurs droits. Le <span class='tooltipsall tooltipsincontent classtoolTips14'>m\u00e9diateur national de l\u2019\u00e9nergie<\/span> peut \u00eatre saisi en cas de litige li\u00e9 \u00e0 l\u2019ex\u00e9cution du contrat, si la r\u00e9clamation \u00e9crite aupr\u00e8s de l\u2019op\u00e9rateur n\u2019a pas permis de r\u00e9gler le diff\u00e9rend dans un d\u00e9lai de deux mois.<br\/><br\/><em>&gt; Voir le<a href=\"https:\/\/www.energie-mediateur.fr\" target=\"_blank\" rel=\"noopener noreferrer\"> site du m\u00e9diateur national de l\\'\u00e9nergie<\/a><\/em>'); <\/script><script type=\"text\/javascript\"> toolTips('.classtoolTips65','Dispositif d\u2019information des consommateurs d\u2019\u00e9nergie du m\u00e9diateur national de l\u2019\u00e9nergie. Il a \u00e9t\u00e9 mis en place par les pouvoirs publics et comporte une plateforme t\u00e9l\u00e9phonique : n\u00b0 vert 0800 112 212 et un site internet : energie-info.fr qui met \u00e9galement \u00e0 disposition des consommateurs un comparateur ind\u00e9pendant des offres de fourniture d\u2019\u00e9lectricit\u00e9 et de gaz naturel propos\u00e9es par l\u2019ensemble des fournisseurs.'); <\/script><script type=\"text\/javascript\"> toolTips('.classtoolTips73','Un <span class='tooltipsall tooltipsincontent classtoolTips73'>compteur<\/span> est un appareil install\u00e9 par le gestionnaire de r\u00e9seau qui mesure avec pr\u00e9cision la quantit\u00e9 d\u2019\u00e9nergie (\u00e9lectricit\u00e9 ou gaz) consomm\u00e9e dans un logement, un immeuble ou un site. Il enregistre les donn\u00e9es sous forme d\u2019index, qui servent de base au calcul des factures. Selon le type de <span class='tooltipsall tooltipsincontent classtoolTips73'>compteur<\/span> (\u00e9lectronique, m\u00e9canique ou communicant), la rel\u00e8ve peut se faire manuellement ou \u00eatre transmise automatiquement.<br\/><br\/>Le compteur n\u2019est pas la propri\u00e9t\u00e9 du consommateur d\u2019\u00e9nergie.'); <\/script>","protected":false},"excerpt":{"rendered":"<p>Pr\u00e9sentation du site energie-info.fr Tous les consommateurs en France m\u00e9tropolitaine ont la possibilit\u00e9, s&rsquo;ils le souhaitent, de choisir leur fournisseur d\u2019\u00e9lectricit\u00e9 ou de gaz naturel. Le site d\u2019information www.energie-info.fr est \u00e9dit\u00e9 par\u00a0le m\u00e9diateur national de l\u2019\u00e9nergie. Les contenus ont \u00e9t\u00e9 \u00e9labor\u00e9s en liaison avec les pouvoirs publics : &#8211;\u00a0la Commission de r\u00e9gulation de l&rsquo;\u00e9nergie (CRE)\u00a0; [&hellip;]<\/p>\n","protected":false},"author":2,"featured_media":0,"parent":0,"menu_order":6,"comment_status":"closed","ping_status":"closed","template":"legal-notice.php","meta":{"_acf_changed":false,"footnotes":""},"class_list":["post-18","page","type-page","status-publish","hentry"],"acf":[],"yoast_head":"<!-- This site is optimized with the Yoast SEO plugin v25.6 - https:\/\/yoast.com\/wordpress\/plugins\/seo\/ -->\n<title>Mentions l\u00e9gales - \u00e9nergie-info PRO<\/title>\n<meta name=\"robots\" content=\"noindex, follow\" \/>\n<meta property=\"og:locale\" content=\"fr_FR\" \/>\n<meta property=\"og:type\" content=\"article\" \/>\n<meta property=\"og:title\" content=\"Mentions l\u00e9gales - \u00e9nergie-info PRO\" \/>\n<meta property=\"og:description\" content=\"Pr\u00e9sentation du site energie-info.fr Tous les consommateurs en France m\u00e9tropolitaine ont la possibilit\u00e9, s&rsquo;ils le souhaitent, de choisir leur fournisseur d\u2019\u00e9lectricit\u00e9 ou de gaz naturel. Le site d\u2019information www.energie-info.fr est \u00e9dit\u00e9 par\u00a0le m\u00e9diateur national de l\u2019\u00e9nergie. Les contenus ont \u00e9t\u00e9 \u00e9labor\u00e9s en liaison avec les pouvoirs publics : &#8211;\u00a0la Commission de r\u00e9gulation de l&rsquo;\u00e9nergie (CRE)\u00a0; [&hellip;]\" \/>\n<meta property=\"og:url\" content=\"https:\/\/www.energie-info.fr\/pro\/mentions-legales\/\" \/>\n<meta property=\"og:site_name\" content=\"\u00e9nergie-info PRO\" \/>\n<meta property=\"article:publisher\" content=\"https:\/\/www.facebook.com\/mediateurenergie\" \/>\n<meta property=\"article:modified_time\" content=\"2025-12-08T12:26:11+00:00\" \/>\n<meta property=\"og:image\" content=\"https:\/\/www.energie-info.fr\/pro\/wp-content\/uploads\/2021\/02\/banniere-partage-rsEI.png\" \/>\n\t<meta property=\"og:image:width\" content=\"602\" \/>\n\t<meta property=\"og:image:height\" content=\"315\" \/>\n\t<meta property=\"og:image:type\" content=\"image\/png\" \/>\n<meta name=\"twitter:card\" content=\"summary_large_image\" \/>\n<meta name=\"twitter:image\" content=\"https:\/\/www.energie-info.fr\/pro\/wp-content\/uploads\/2021\/09\/Banniere-twitter-generique.png\" \/>\n<meta name=\"twitter:site\" content=\"@med_energie\" \/>\n<meta name=\"twitter:label1\" content=\"Dur\u00e9e de lecture estim\u00e9e\" \/>\n\t<meta name=\"twitter:data1\" content=\"6 minutes\" \/>\n<script type=\"application\/ld+json\" class=\"yoast-schema-graph\">{\"@context\":\"https:\/\/schema.org\",\"@graph\":[{\"@type\":\"WebPage\",\"@id\":\"https:\/\/www.energie-info.fr\/pro\/mentions-legales\/\",\"url\":\"https:\/\/www.energie-info.fr\/pro\/mentions-legales\/\",\"name\":\"Mentions l\u00e9gales - \u00e9nergie-info PRO\",\"isPartOf\":{\"@id\":\"https:\/\/www.energie-info.fr\/pro\/#website\"},\"datePublished\":\"2019-03-11T09:06:19+00:00\",\"dateModified\":\"2025-12-08T12:26:11+00:00\",\"breadcrumb\":{\"@id\":\"https:\/\/www.energie-info.fr\/pro\/mentions-legales\/#breadcrumb\"},\"inLanguage\":\"fr-FR\",\"potentialAction\":[{\"@type\":\"ReadAction\",\"target\":[\"https:\/\/www.energie-info.fr\/pro\/mentions-legales\/\"]}]},{\"@type\":\"BreadcrumbList\",\"@id\":\"https:\/\/www.energie-info.fr\/pro\/mentions-legales\/#breadcrumb\",\"itemListElement\":[{\"@type\":\"ListItem\",\"position\":1,\"name\":\"Accueil\",\"item\":\"https:\/\/www.energie-info.fr\/pro\/\"},{\"@type\":\"ListItem\",\"position\":2,\"name\":\"Mentions l\u00e9gales\"}]},{\"@type\":\"WebSite\",\"@id\":\"https:\/\/www.energie-info.fr\/pro\/#website\",\"url\":\"https:\/\/www.energie-info.fr\/pro\/\",\"name\":\"\u00e9nergie-info PRO\",\"description\":\"energie-info.fr, le site d&#039;information du m\u00e9diateur national de l&#039;\u00e9nergie, institution publique ind\u00e9pendante\",\"potentialAction\":[{\"@type\":\"SearchAction\",\"target\":{\"@type\":\"EntryPoint\",\"urlTemplate\":\"https:\/\/www.energie-info.fr\/pro\/?s={search_term_string}\"},\"query-input\":{\"@type\":\"PropertyValueSpecification\",\"valueRequired\":true,\"valueName\":\"search_term_string\"}}],\"inLanguage\":\"fr-FR\"}]}<\/script>\n<!-- \/ Yoast SEO plugin. -->","yoast_head_json":{"title":"Mentions l\u00e9gales - \u00e9nergie-info PRO","robots":{"index":"noindex","follow":"follow"},"og_locale":"fr_FR","og_type":"article","og_title":"Mentions l\u00e9gales - \u00e9nergie-info PRO","og_description":"Pr\u00e9sentation du site energie-info.fr Tous les consommateurs en France m\u00e9tropolitaine ont la possibilit\u00e9, s&rsquo;ils le souhaitent, de choisir leur fournisseur d\u2019\u00e9lectricit\u00e9 ou de gaz naturel. Le site d\u2019information www.energie-info.fr est \u00e9dit\u00e9 par\u00a0le m\u00e9diateur national de l\u2019\u00e9nergie. Les contenus ont \u00e9t\u00e9 \u00e9labor\u00e9s en liaison avec les pouvoirs publics : &#8211;\u00a0la Commission de r\u00e9gulation de l&rsquo;\u00e9nergie (CRE)\u00a0; [&hellip;]","og_url":"https:\/\/www.energie-info.fr\/pro\/mentions-legales\/","og_site_name":"\u00e9nergie-info PRO","article_publisher":"https:\/\/www.facebook.com\/mediateurenergie","article_modified_time":"2025-12-08T12:26:11+00:00","og_image":[{"width":602,"height":315,"url":"https:\/\/www.energie-info.fr\/pro\/wp-content\/uploads\/2021\/02\/banniere-partage-rsEI.png","type":"image\/png"}],"twitter_card":"summary_large_image","twitter_image":"https:\/\/www.energie-info.fr\/pro\/wp-content\/uploads\/2021\/09\/Banniere-twitter-generique.png","twitter_site":"@med_energie","twitter_misc":{"Dur\u00e9e de lecture estim\u00e9e":"6 minutes"},"schema":{"@context":"https:\/\/schema.org","@graph":[{"@type":"WebPage","@id":"https:\/\/www.energie-info.fr\/pro\/mentions-legales\/","url":"https:\/\/www.energie-info.fr\/pro\/mentions-legales\/","name":"Mentions l\u00e9gales - \u00e9nergie-info PRO","isPartOf":{"@id":"https:\/\/www.energie-info.fr\/pro\/#website"},"datePublished":"2019-03-11T09:06:19+00:00","dateModified":"2025-12-08T12:26:11+00:00","breadcrumb":{"@id":"https:\/\/www.energie-info.fr\/pro\/mentions-legales\/#breadcrumb"},"inLanguage":"fr-FR","potentialAction":[{"@type":"ReadAction","target":["https:\/\/www.energie-info.fr\/pro\/mentions-legales\/"]}]},{"@type":"BreadcrumbList","@id":"https:\/\/www.energie-info.fr\/pro\/mentions-legales\/#breadcrumb","itemListElement":[{"@type":"ListItem","position":1,"name":"Accueil","item":"https:\/\/www.energie-info.fr\/pro\/"},{"@type":"ListItem","position":2,"name":"Mentions l\u00e9gales"}]},{"@type":"WebSite","@id":"https:\/\/www.energie-info.fr\/pro\/#website","url":"https:\/\/www.energie-info.fr\/pro\/","name":"\u00e9nergie-info PRO","description":"energie-info.fr, le site d&#039;information du m\u00e9diateur national de l&#039;\u00e9nergie, institution publique ind\u00e9pendante","potentialAction":[{"@type":"SearchAction","target":{"@type":"EntryPoint","urlTemplate":"https:\/\/www.energie-info.fr\/pro\/?s={search_term_string}"},"query-input":{"@type":"PropertyValueSpecification","valueRequired":true,"valueName":"search_term_string"}}],"inLanguage":"fr-FR"}]}},"_links":{"self":[{"href":"https:\/\/www.energie-info.fr\/pro\/wp-json\/wp\/v2\/pages\/18","targetHints":{"allow":["GET"]}}],"collection":[{"href":"https:\/\/www.energie-info.fr\/pro\/wp-json\/wp\/v2\/pages"}],"about":[{"href":"https:\/\/www.energie-info.fr\/pro\/wp-json\/wp\/v2\/types\/page"}],"author":[{"embeddable":true,"href":"https:\/\/www.energie-info.fr\/pro\/wp-json\/wp\/v2\/users\/2"}],"replies":[{"embeddable":true,"href":"https:\/\/www.energie-info.fr\/pro\/wp-json\/wp\/v2\/comments?post=18"}],"version-history":[{"count":10,"href":"https:\/\/www.energie-info.fr\/pro\/wp-json\/wp\/v2\/pages\/18\/revisions"}],"predecessor-version":[{"id":2496,"href":"https:\/\/www.energie-info.fr\/pro\/wp-json\/wp\/v2\/pages\/18\/revisions\/2496"}],"wp:attachment":[{"href":"https:\/\/www.energie-info.fr\/pro\/wp-json\/wp\/v2\/media?parent=18"}],"curies":[{"name":"wp","href":"https:\/\/api.w.org\/{rel}","templated":true}]}}