{"id":20,"date":"2019-03-11T10:06:50","date_gmt":"2019-03-11T09:06:50","guid":{"rendered":"https:\/\/www2.energie-info.fr\/pro\/?page_id=20"},"modified":"2019-03-21T17:37:16","modified_gmt":"2019-03-21T16:37:16","slug":"plan-du-site","status":"publish","type":"page","link":"https:\/\/www.energie-info.fr\/pro\/plan-du-site\/","title":{"rendered":"Plan du site"},"content":{"rendered":"<ul>\n<li><div class=\"wsp-container\"><h2 class=\"wsp-pages-title\">Pages<\/h2>\n<ul class=\"wsp-pages-list\">\n<li class=\"page_item page-item-7\"><a href=\"https:\/\/www.energie-info.fr\/pro\/\">\u00e9nergie-info &#8211; Pro<\/a><\/li>\n<li class=\"page_item page-item-1304\"><a href=\"https:\/\/www.energie-info.fr\/pro\/glossary\/\">glossary<\/a><\/li>\n<li class=\"page_item page-item-842\"><a href=\"https:\/\/www.energie-info.fr\/pro\/page-404\/\">page 404<\/a><\/li>\n<li class=\"page_item page-item-9\"><a href=\"https:\/\/www.energie-info.fr\/pro\/actualites\/\">Actualit\u00e9s<\/a><\/li>\n<li class=\"page_item page-item-12 page_item_has_children\"><a href=\"https:\/\/www.energie-info.fr\/pro\/fiches-pratiques\/\">Fiches pratiques<\/a>\n<ul class='children'>\n\t<li class=\"page_item page-item-180\"><a href=\"https:\/\/www.energie-info.fr\/pro\/fiches-pratiques\/je-demenage-je-construis\/\">D\u00e9m\u00e9nagement, <span class='tooltipsall tooltipsincontent classtoolTips67'>raccordement<\/span><\/a><\/li>\n\t<li class=\"page_item page-item-186\"><a href=\"https:\/\/www.energie-info.fr\/pro\/fiches-pratiques\/ma-facture-mon-compteur\/\">Facture, <span class='tooltipsall tooltipsincontent classtoolTips73'>compteur<\/span> et contrat<\/a><\/li>\n\t<li class=\"page_item page-item-188\"><a href=\"https:\/\/www.energie-info.fr\/pro\/fiches-pratiques\/je-change-de-fournisseur\/\">Changement de fournisseur<\/a><\/li>\n\t<li class=\"page_item page-item-190\"><a href=\"https:\/\/www.energie-info.fr\/pro\/fiches-pratiques\/reclamations-et-litiges\/\">R\u00e9clamations et litiges<\/a><\/li>\n\t<li class=\"page_item page-item-192\"><a href=\"https:\/\/www.energie-info.fr\/pro\/fiches-pratiques\/comprendre-le-marche-de-lelectricite-et-du-gaz\/\">March\u00e9 de l\u2019\u00e9nergie<\/a><\/li>\n<\/ul>\n<\/li>\n<li class=\"page_item page-item-14\"><a href=\"https:\/\/www.energie-info.fr\/pro\/comparateurs-et-outils\/\">Comparateurs et outils<\/a><\/li>\n<li class=\"page_item page-item-33\"><a href=\"https:\/\/www.energie-info.fr\/pro\/l-electricite-et-le-gaz-en-france\/\">L\u2019\u00e9lectricit\u00e9 et le gaz naturel pour les professionnels en un coup d\u2019oeil<\/a><\/li>\n<li class=\"page_item page-item-47\"><a href=\"https:\/\/www.energie-info.fr\/pro\/faq\/\">FAQ<\/a><\/li>\n<li class=\"page_item page-item-18\"><a href=\"https:\/\/www.energie-info.fr\/pro\/mentions-legales\/\">Mentions l\u00e9gales<\/a><\/li>\n<li class=\"page_item page-item-20\"><a href=\"https:\/\/www.energie-info.fr\/pro\/plan-du-site\/\">Plan du site<\/a><\/li>\n<\/ul>\n<\/div><\/li>\n<\/ul>\n<script type=\"text\/javascript\"> toolTips('.classtoolTips65','Dispositif d\u2019information des consommateurs d\u2019\u00e9nergie du m\u00e9diateur national de l\u2019\u00e9nergie. Il a \u00e9t\u00e9 mis en place par les pouvoirs publics et comporte une plateforme t\u00e9l\u00e9phonique : n\u00b0 vert 0800 112 212 et un site internet : energie-info.fr qui met \u00e9galement \u00e0 disposition des consommateurs un comparateur ind\u00e9pendant des offres de fourniture d\u2019\u00e9lectricit\u00e9 et de gaz naturel propos\u00e9es par l\u2019ensemble des fournisseurs.'); <\/script><script type=\"text\/javascript\"> toolTips('.classtoolTips67','Extension effectu\u00e9e pour assurer le branchement permettant de relier physiquement le r\u00e9seau de distribution d\u2019\u00e9lectricit\u00e9 et\/ou de gaz naturel \u00e0 une installation int\u00e9rieure au point de livraison ou au point de comptage.'); <\/script><script type=\"text\/javascript\"> toolTips('.classtoolTips73','Un <span class='tooltipsall tooltipsincontent classtoolTips73'>compteur<\/span> est un appareil install\u00e9 par le gestionnaire de r\u00e9seau qui mesure avec pr\u00e9cision la quantit\u00e9 d\u2019\u00e9nergie (\u00e9lectricit\u00e9 ou gaz) consomm\u00e9e dans un logement, un immeuble ou un site. Il enregistre les donn\u00e9es sous forme d\u2019index, qui servent de base au calcul des factures. Selon le type de <span class='tooltipsall tooltipsincontent classtoolTips73'>compteur<\/span> (\u00e9lectronique, m\u00e9canique ou communicant), la rel\u00e8ve peut se faire manuellement ou \u00eatre transmise automatiquement.<br\/><br\/>Le compteur n\u2019est pas la propri\u00e9t\u00e9 du consommateur d\u2019\u00e9nergie.'); <\/script>","protected":false},"excerpt":{"rendered":"","protected":false},"author":2,"featured_media":0,"parent":0,"menu_order":7,"comment_status":"closed","ping_status":"closed","template":"sitemap.php","meta":{"_acf_changed":false,"footnotes":""},"class_list":["post-20","page","type-page","status-publish","hentry"],"acf":[],"yoast_head":"<!-- This site is optimized with the Yoast SEO plugin v25.6 - https:\/\/yoast.com\/wordpress\/plugins\/seo\/ -->\n<title>Plan du site - \u00e9nergie-info PRO<\/title>\n<meta name=\"robots\" content=\"noindex, follow\" \/>\n<meta property=\"og:locale\" content=\"fr_FR\" \/>\n<meta property=\"og:type\" content=\"article\" \/>\n<meta property=\"og:title\" content=\"Plan du site - \u00e9nergie-info PRO\" \/>\n<meta property=\"og:url\" content=\"https:\/\/www.energie-info.fr\/pro\/plan-du-site\/\" \/>\n<meta property=\"og:site_name\" content=\"\u00e9nergie-info PRO\" \/>\n<meta property=\"article:publisher\" content=\"https:\/\/www.facebook.com\/mediateurenergie\" \/>\n<meta property=\"article:modified_time\" content=\"2019-03-21T16:37:16+00:00\" \/>\n<meta property=\"og:image\" content=\"https:\/\/www.energie-info.fr\/pro\/wp-content\/uploads\/2021\/02\/banniere-partage-rsEI.png\" \/>\n\t<meta property=\"og:image:width\" content=\"602\" \/>\n\t<meta property=\"og:image:height\" content=\"315\" \/>\n\t<meta property=\"og:image:type\" content=\"image\/png\" \/>\n<meta name=\"twitter:card\" content=\"summary_large_image\" \/>\n<meta name=\"twitter:image\" content=\"https:\/\/www.energie-info.fr\/pro\/wp-content\/uploads\/2021\/09\/Banniere-twitter-generique.png\" \/>\n<meta name=\"twitter:site\" content=\"@med_energie\" \/>\n<script type=\"application\/ld+json\" class=\"yoast-schema-graph\">{\"@context\":\"https:\/\/schema.org\",\"@graph\":[{\"@type\":\"WebPage\",\"@id\":\"https:\/\/www.energie-info.fr\/pro\/plan-du-site\/\",\"url\":\"https:\/\/www.energie-info.fr\/pro\/plan-du-site\/\",\"name\":\"Plan du site - \u00e9nergie-info PRO\",\"isPartOf\":{\"@id\":\"https:\/\/www.energie-info.fr\/pro\/#website\"},\"datePublished\":\"2019-03-11T09:06:50+00:00\",\"dateModified\":\"2019-03-21T16:37:16+00:00\",\"breadcrumb\":{\"@id\":\"https:\/\/www.energie-info.fr\/pro\/plan-du-site\/#breadcrumb\"},\"inLanguage\":\"fr-FR\",\"potentialAction\":[{\"@type\":\"ReadAction\",\"target\":[\"https:\/\/www.energie-info.fr\/pro\/plan-du-site\/\"]}]},{\"@type\":\"BreadcrumbList\",\"@id\":\"https:\/\/www.energie-info.fr\/pro\/plan-du-site\/#breadcrumb\",\"itemListElement\":[{\"@type\":\"ListItem\",\"position\":1,\"name\":\"Accueil\",\"item\":\"https:\/\/www.energie-info.fr\/pro\/\"},{\"@type\":\"ListItem\",\"position\":2,\"name\":\"Plan du site\"}]},{\"@type\":\"WebSite\",\"@id\":\"https:\/\/www.energie-info.fr\/pro\/#website\",\"url\":\"https:\/\/www.energie-info.fr\/pro\/\",\"name\":\"\u00e9nergie-info PRO\",\"description\":\"energie-info.fr, le site d&#039;information du m\u00e9diateur national de l&#039;\u00e9nergie, institution publique ind\u00e9pendante\",\"potentialAction\":[{\"@type\":\"SearchAction\",\"target\":{\"@type\":\"EntryPoint\",\"urlTemplate\":\"https:\/\/www.energie-info.fr\/pro\/?s={search_term_string}\"},\"query-input\":{\"@type\":\"PropertyValueSpecification\",\"valueRequired\":true,\"valueName\":\"search_term_string\"}}],\"inLanguage\":\"fr-FR\"}]}<\/script>\n<!-- \/ Yoast SEO plugin. -->","yoast_head_json":{"title":"Plan du site - \u00e9nergie-info PRO","robots":{"index":"noindex","follow":"follow"},"og_locale":"fr_FR","og_type":"article","og_title":"Plan du site - \u00e9nergie-info PRO","og_url":"https:\/\/www.energie-info.fr\/pro\/plan-du-site\/","og_site_name":"\u00e9nergie-info PRO","article_publisher":"https:\/\/www.facebook.com\/mediateurenergie","article_modified_time":"2019-03-21T16:37:16+00:00","og_image":[{"width":602,"height":315,"url":"https:\/\/www.energie-info.fr\/pro\/wp-content\/uploads\/2021\/02\/banniere-partage-rsEI.png","type":"image\/png"}],"twitter_card":"summary_large_image","twitter_image":"https:\/\/www.energie-info.fr\/pro\/wp-content\/uploads\/2021\/09\/Banniere-twitter-generique.png","twitter_site":"@med_energie","schema":{"@context":"https:\/\/schema.org","@graph":[{"@type":"WebPage","@id":"https:\/\/www.energie-info.fr\/pro\/plan-du-site\/","url":"https:\/\/www.energie-info.fr\/pro\/plan-du-site\/","name":"Plan du site - \u00e9nergie-info PRO","isPartOf":{"@id":"https:\/\/www.energie-info.fr\/pro\/#website"},"datePublished":"2019-03-11T09:06:50+00:00","dateModified":"2019-03-21T16:37:16+00:00","breadcrumb":{"@id":"https:\/\/www.energie-info.fr\/pro\/plan-du-site\/#breadcrumb"},"inLanguage":"fr-FR","potentialAction":[{"@type":"ReadAction","target":["https:\/\/www.energie-info.fr\/pro\/plan-du-site\/"]}]},{"@type":"BreadcrumbList","@id":"https:\/\/www.energie-info.fr\/pro\/plan-du-site\/#breadcrumb","itemListElement":[{"@type":"ListItem","position":1,"name":"Accueil","item":"https:\/\/www.energie-info.fr\/pro\/"},{"@type":"ListItem","position":2,"name":"Plan du site"}]},{"@type":"WebSite","@id":"https:\/\/www.energie-info.fr\/pro\/#website","url":"https:\/\/www.energie-info.fr\/pro\/","name":"\u00e9nergie-info PRO","description":"energie-info.fr, le site d&#039;information du m\u00e9diateur national de l&#039;\u00e9nergie, institution publique ind\u00e9pendante","potentialAction":[{"@type":"SearchAction","target":{"@type":"EntryPoint","urlTemplate":"https:\/\/www.energie-info.fr\/pro\/?s={search_term_string}"},"query-input":{"@type":"PropertyValueSpecification","valueRequired":true,"valueName":"search_term_string"}}],"inLanguage":"fr-FR"}]}},"_links":{"self":[{"href":"https:\/\/www.energie-info.fr\/pro\/wp-json\/wp\/v2\/pages\/20","targetHints":{"allow":["GET"]}}],"collection":[{"href":"https:\/\/www.energie-info.fr\/pro\/wp-json\/wp\/v2\/pages"}],"about":[{"href":"https:\/\/www.energie-info.fr\/pro\/wp-json\/wp\/v2\/types\/page"}],"author":[{"embeddable":true,"href":"https:\/\/www.energie-info.fr\/pro\/wp-json\/wp\/v2\/users\/2"}],"replies":[{"embeddable":true,"href":"https:\/\/www.energie-info.fr\/pro\/wp-json\/wp\/v2\/comments?post=20"}],"version-history":[{"count":4,"href":"https:\/\/www.energie-info.fr\/pro\/wp-json\/wp\/v2\/pages\/20\/revisions"}],"predecessor-version":[{"id":357,"href":"https:\/\/www.energie-info.fr\/pro\/wp-json\/wp\/v2\/pages\/20\/revisions\/357"}],"wp:attachment":[{"href":"https:\/\/www.energie-info.fr\/pro\/wp-json\/wp\/v2\/media?parent=20"}],"curies":[{"name":"wp","href":"https:\/\/api.w.org\/{rel}","templated":true}]}}