{"id":842,"date":"2019-11-15T16:35:06","date_gmt":"2019-11-15T15:35:06","guid":{"rendered":"https:\/\/www.energie-info.fr\/pro\/?page_id=842"},"modified":"2019-11-15T16:35:06","modified_gmt":"2019-11-15T15:35:06","slug":"page-404","status":"publish","type":"page","link":"https:\/\/www.energie-info.fr\/pro\/page-404\/","title":{"rendered":"page 404"},"content":{"rendered":"<h1 class=\"Title--H4\" style=\"text-align: center;\">Erreur 404 &#8211; Page introuvable.<\/h1>\n<p>&nbsp;<\/p>\n<h3 class=\"Title--H4\" style=\"text-align: center;\">Cette page a \u00e9t\u00e9 d\u00e9plac\u00e9e ou n&rsquo;existe plus.<br \/>\nveuillez <a href=\"https:\/\/www.energie-info.fr\/pro\">cliquer ici <\/a>pour retourner sur la page d&rsquo;accueil<br \/>\nou saisir votre recherche dans le moteur de recherche ci-dessus.<\/h3>\n<p>&nbsp;<\/p>\n<p>&nbsp;<\/p>\n<script type=\"text\/javascript\"> toolTips('.classtoolTips65','Dispositif d\u2019information des consommateurs d\u2019\u00e9nergie du m\u00e9diateur national de l\u2019\u00e9nergie. Il a \u00e9t\u00e9 mis en place par les pouvoirs publics et comporte une plateforme t\u00e9l\u00e9phonique : n\u00b0 vert 0800 112 212 et un site internet : energie-info.fr qui met \u00e9galement \u00e0 disposition des consommateurs un comparateur ind\u00e9pendant des offres de fourniture d\u2019\u00e9lectricit\u00e9 et de gaz naturel propos\u00e9es par l\u2019ensemble des fournisseurs.'); <\/script>","protected":false},"excerpt":{"rendered":"<p>Erreur 404 &#8211; Page introuvable. &nbsp; Cette page a \u00e9t\u00e9 d\u00e9plac\u00e9e ou n&rsquo;existe plus. veuillez cliquer ici pour retourner sur la page d&rsquo;accueil ou saisir votre recherche dans le moteur de recherche ci-dessus. &nbsp; &nbsp;<\/p>\n","protected":false},"author":2,"featured_media":0,"parent":0,"menu_order":0,"comment_status":"closed","ping_status":"closed","template":"legal-notice.php","meta":{"_acf_changed":false,"footnotes":""},"class_list":["post-842","page","type-page","status-publish","hentry"],"acf":[],"yoast_head":"<!-- This site is optimized with the Yoast SEO plugin v25.6 - https:\/\/yoast.com\/wordpress\/plugins\/seo\/ -->\n<title>page 404 - \u00e9nergie-info PRO<\/title>\n<meta name=\"robots\" content=\"noindex, follow\" \/>\n<meta property=\"og:locale\" content=\"fr_FR\" \/>\n<meta property=\"og:type\" content=\"article\" \/>\n<meta property=\"og:title\" content=\"page 404 - \u00e9nergie-info PRO\" \/>\n<meta property=\"og:description\" content=\"Erreur 404 &#8211; Page introuvable. &nbsp; Cette page a \u00e9t\u00e9 d\u00e9plac\u00e9e ou n&rsquo;existe plus. veuillez cliquer ici pour retourner sur la page d&rsquo;accueil ou saisir votre recherche dans le moteur de recherche ci-dessus. &nbsp; &nbsp;\" \/>\n<meta property=\"og:url\" content=\"https:\/\/www.energie-info.fr\/pro\/page-404\/\" \/>\n<meta property=\"og:site_name\" content=\"\u00e9nergie-info PRO\" \/>\n<meta property=\"article:publisher\" content=\"https:\/\/www.facebook.com\/mediateurenergie\" \/>\n<meta property=\"og:image\" content=\"https:\/\/www.energie-info.fr\/pro\/wp-content\/uploads\/2021\/02\/banniere-partage-rsEI.png\" \/>\n\t<meta property=\"og:image:width\" content=\"602\" \/>\n\t<meta property=\"og:image:height\" content=\"315\" \/>\n\t<meta property=\"og:image:type\" content=\"image\/png\" \/>\n<meta name=\"twitter:card\" content=\"summary_large_image\" \/>\n<meta name=\"twitter:image\" content=\"https:\/\/www.energie-info.fr\/pro\/wp-content\/uploads\/2021\/09\/Banniere-twitter-generique.png\" \/>\n<meta name=\"twitter:site\" content=\"@med_energie\" \/>\n<script type=\"application\/ld+json\" class=\"yoast-schema-graph\">{\"@context\":\"https:\/\/schema.org\",\"@graph\":[{\"@type\":\"WebPage\",\"@id\":\"https:\/\/www.energie-info.fr\/pro\/page-404\/\",\"url\":\"https:\/\/www.energie-info.fr\/pro\/page-404\/\",\"name\":\"page 404 - \u00e9nergie-info PRO\",\"isPartOf\":{\"@id\":\"https:\/\/www.energie-info.fr\/pro\/#website\"},\"datePublished\":\"2019-11-15T15:35:06+00:00\",\"breadcrumb\":{\"@id\":\"https:\/\/www.energie-info.fr\/pro\/page-404\/#breadcrumb\"},\"inLanguage\":\"fr-FR\",\"potentialAction\":[{\"@type\":\"ReadAction\",\"target\":[\"https:\/\/www.energie-info.fr\/pro\/page-404\/\"]}]},{\"@type\":\"BreadcrumbList\",\"@id\":\"https:\/\/www.energie-info.fr\/pro\/page-404\/#breadcrumb\",\"itemListElement\":[{\"@type\":\"ListItem\",\"position\":1,\"name\":\"Accueil\",\"item\":\"https:\/\/www.energie-info.fr\/pro\/\"},{\"@type\":\"ListItem\",\"position\":2,\"name\":\"page 404\"}]},{\"@type\":\"WebSite\",\"@id\":\"https:\/\/www.energie-info.fr\/pro\/#website\",\"url\":\"https:\/\/www.energie-info.fr\/pro\/\",\"name\":\"\u00e9nergie-info PRO\",\"description\":\"energie-info.fr, le site d&#039;information du m\u00e9diateur national de l&#039;\u00e9nergie, institution publique ind\u00e9pendante\",\"potentialAction\":[{\"@type\":\"SearchAction\",\"target\":{\"@type\":\"EntryPoint\",\"urlTemplate\":\"https:\/\/www.energie-info.fr\/pro\/?s={search_term_string}\"},\"query-input\":{\"@type\":\"PropertyValueSpecification\",\"valueRequired\":true,\"valueName\":\"search_term_string\"}}],\"inLanguage\":\"fr-FR\"}]}<\/script>\n<!-- \/ Yoast SEO plugin. -->","yoast_head_json":{"title":"page 404 - \u00e9nergie-info PRO","robots":{"index":"noindex","follow":"follow"},"og_locale":"fr_FR","og_type":"article","og_title":"page 404 - \u00e9nergie-info PRO","og_description":"Erreur 404 &#8211; Page introuvable. &nbsp; Cette page a \u00e9t\u00e9 d\u00e9plac\u00e9e ou n&rsquo;existe plus. veuillez cliquer ici pour retourner sur la page d&rsquo;accueil ou saisir votre recherche dans le moteur de recherche ci-dessus. &nbsp; &nbsp;","og_url":"https:\/\/www.energie-info.fr\/pro\/page-404\/","og_site_name":"\u00e9nergie-info PRO","article_publisher":"https:\/\/www.facebook.com\/mediateurenergie","og_image":[{"width":602,"height":315,"url":"https:\/\/www.energie-info.fr\/pro\/wp-content\/uploads\/2021\/02\/banniere-partage-rsEI.png","type":"image\/png"}],"twitter_card":"summary_large_image","twitter_image":"https:\/\/www.energie-info.fr\/pro\/wp-content\/uploads\/2021\/09\/Banniere-twitter-generique.png","twitter_site":"@med_energie","schema":{"@context":"https:\/\/schema.org","@graph":[{"@type":"WebPage","@id":"https:\/\/www.energie-info.fr\/pro\/page-404\/","url":"https:\/\/www.energie-info.fr\/pro\/page-404\/","name":"page 404 - \u00e9nergie-info PRO","isPartOf":{"@id":"https:\/\/www.energie-info.fr\/pro\/#website"},"datePublished":"2019-11-15T15:35:06+00:00","breadcrumb":{"@id":"https:\/\/www.energie-info.fr\/pro\/page-404\/#breadcrumb"},"inLanguage":"fr-FR","potentialAction":[{"@type":"ReadAction","target":["https:\/\/www.energie-info.fr\/pro\/page-404\/"]}]},{"@type":"BreadcrumbList","@id":"https:\/\/www.energie-info.fr\/pro\/page-404\/#breadcrumb","itemListElement":[{"@type":"ListItem","position":1,"name":"Accueil","item":"https:\/\/www.energie-info.fr\/pro\/"},{"@type":"ListItem","position":2,"name":"page 404"}]},{"@type":"WebSite","@id":"https:\/\/www.energie-info.fr\/pro\/#website","url":"https:\/\/www.energie-info.fr\/pro\/","name":"\u00e9nergie-info PRO","description":"energie-info.fr, le site d&#039;information du m\u00e9diateur national de l&#039;\u00e9nergie, institution publique ind\u00e9pendante","potentialAction":[{"@type":"SearchAction","target":{"@type":"EntryPoint","urlTemplate":"https:\/\/www.energie-info.fr\/pro\/?s={search_term_string}"},"query-input":{"@type":"PropertyValueSpecification","valueRequired":true,"valueName":"search_term_string"}}],"inLanguage":"fr-FR"}]}},"_links":{"self":[{"href":"https:\/\/www.energie-info.fr\/pro\/wp-json\/wp\/v2\/pages\/842","targetHints":{"allow":["GET"]}}],"collection":[{"href":"https:\/\/www.energie-info.fr\/pro\/wp-json\/wp\/v2\/pages"}],"about":[{"href":"https:\/\/www.energie-info.fr\/pro\/wp-json\/wp\/v2\/types\/page"}],"author":[{"embeddable":true,"href":"https:\/\/www.energie-info.fr\/pro\/wp-json\/wp\/v2\/users\/2"}],"replies":[{"embeddable":true,"href":"https:\/\/www.energie-info.fr\/pro\/wp-json\/wp\/v2\/comments?post=842"}],"version-history":[{"count":1,"href":"https:\/\/www.energie-info.fr\/pro\/wp-json\/wp\/v2\/pages\/842\/revisions"}],"predecessor-version":[{"id":843,"href":"https:\/\/www.energie-info.fr\/pro\/wp-json\/wp\/v2\/pages\/842\/revisions\/843"}],"wp:attachment":[{"href":"https:\/\/www.energie-info.fr\/pro\/wp-json\/wp\/v2\/media?parent=842"}],"curies":[{"name":"wp","href":"https:\/\/api.w.org\/{rel}","templated":true}]}}