{"id":9,"date":"2019-03-11T10:03:51","date_gmt":"2019-03-11T09:03:51","guid":{"rendered":"https:\/\/www2.energie-info.fr\/pro\/?page_id=9"},"modified":"2019-03-11T15:36:02","modified_gmt":"2019-03-11T14:36:02","slug":"actualites","status":"publish","type":"page","link":"https:\/\/www.energie-info.fr\/pro\/actualites\/","title":{"rendered":"Actualit\u00e9s"},"content":{"rendered":"","protected":false},"excerpt":{"rendered":"","protected":false},"author":2,"featured_media":0,"parent":0,"menu_order":1,"comment_status":"closed","ping_status":"closed","template":"actus.php","meta":{"_acf_changed":false,"footnotes":""},"class_list":["post-9","page","type-page","status-publish","hentry"],"acf":[],"yoast_head":"<!-- This site is optimized with the Yoast SEO plugin v25.6 - https:\/\/yoast.com\/wordpress\/plugins\/seo\/ -->\n<title>Actualit\u00e9s - \u00e9nergie-info PRO<\/title>\n<meta name=\"robots\" content=\"noindex, follow\" \/>\n<meta property=\"og:locale\" content=\"fr_FR\" \/>\n<meta property=\"og:type\" content=\"article\" \/>\n<meta property=\"og:title\" content=\"Actualit\u00e9s - \u00e9nergie-info PRO\" \/>\n<meta property=\"og:url\" content=\"https:\/\/www.energie-info.fr\/pro\/actualites\/\" \/>\n<meta property=\"og:site_name\" content=\"\u00e9nergie-info PRO\" \/>\n<meta property=\"article:publisher\" content=\"https:\/\/www.facebook.com\/mediateurenergie\" \/>\n<meta property=\"article:modified_time\" content=\"2019-03-11T14:36:02+00:00\" \/>\n<meta property=\"og:image\" content=\"https:\/\/www.energie-info.fr\/pro\/wp-content\/uploads\/2021\/02\/banniere-partage-rsEI.png\" \/>\n\t<meta property=\"og:image:width\" content=\"602\" \/>\n\t<meta property=\"og:image:height\" content=\"315\" \/>\n\t<meta property=\"og:image:type\" content=\"image\/png\" \/>\n<meta name=\"twitter:card\" content=\"summary_large_image\" \/>\n<meta name=\"twitter:image\" content=\"https:\/\/www.energie-info.fr\/pro\/wp-content\/uploads\/2021\/09\/Banniere-twitter-generique.png\" \/>\n<meta name=\"twitter:site\" content=\"@med_energie\" \/>\n<script type=\"application\/ld+json\" class=\"yoast-schema-graph\">{\"@context\":\"https:\/\/schema.org\",\"@graph\":[{\"@type\":\"WebPage\",\"@id\":\"https:\/\/www.energie-info.fr\/pro\/actualites\/\",\"url\":\"https:\/\/www.energie-info.fr\/pro\/actualites\/\",\"name\":\"Actualit\u00e9s - \u00e9nergie-info PRO\",\"isPartOf\":{\"@id\":\"https:\/\/www.energie-info.fr\/pro\/#website\"},\"datePublished\":\"2019-03-11T09:03:51+00:00\",\"dateModified\":\"2019-03-11T14:36:02+00:00\",\"breadcrumb\":{\"@id\":\"https:\/\/www.energie-info.fr\/pro\/actualites\/#breadcrumb\"},\"inLanguage\":\"fr-FR\",\"potentialAction\":[{\"@type\":\"ReadAction\",\"target\":[\"https:\/\/www.energie-info.fr\/pro\/actualites\/\"]}]},{\"@type\":\"BreadcrumbList\",\"@id\":\"https:\/\/www.energie-info.fr\/pro\/actualites\/#breadcrumb\",\"itemListElement\":[{\"@type\":\"ListItem\",\"position\":1,\"name\":\"Accueil\",\"item\":\"https:\/\/www.energie-info.fr\/pro\/\"},{\"@type\":\"ListItem\",\"position\":2,\"name\":\"Actualit\u00e9s\"}]},{\"@type\":\"WebSite\",\"@id\":\"https:\/\/www.energie-info.fr\/pro\/#website\",\"url\":\"https:\/\/www.energie-info.fr\/pro\/\",\"name\":\"\u00e9nergie-info PRO\",\"description\":\"energie-info.fr, le site d&#039;information du m\u00e9diateur national de l&#039;\u00e9nergie, institution publique ind\u00e9pendante\",\"potentialAction\":[{\"@type\":\"SearchAction\",\"target\":{\"@type\":\"EntryPoint\",\"urlTemplate\":\"https:\/\/www.energie-info.fr\/pro\/?s={search_term_string}\"},\"query-input\":{\"@type\":\"PropertyValueSpecification\",\"valueRequired\":true,\"valueName\":\"search_term_string\"}}],\"inLanguage\":\"fr-FR\"}]}<\/script>\n<!-- \/ Yoast SEO plugin. -->","yoast_head_json":{"title":"Actualit\u00e9s - \u00e9nergie-info PRO","robots":{"index":"noindex","follow":"follow"},"og_locale":"fr_FR","og_type":"article","og_title":"Actualit\u00e9s - \u00e9nergie-info PRO","og_url":"https:\/\/www.energie-info.fr\/pro\/actualites\/","og_site_name":"\u00e9nergie-info PRO","article_publisher":"https:\/\/www.facebook.com\/mediateurenergie","article_modified_time":"2019-03-11T14:36:02+00:00","og_image":[{"width":602,"height":315,"url":"https:\/\/www.energie-info.fr\/pro\/wp-content\/uploads\/2021\/02\/banniere-partage-rsEI.png","type":"image\/png"}],"twitter_card":"summary_large_image","twitter_image":"https:\/\/www.energie-info.fr\/pro\/wp-content\/uploads\/2021\/09\/Banniere-twitter-generique.png","twitter_site":"@med_energie","schema":{"@context":"https:\/\/schema.org","@graph":[{"@type":"WebPage","@id":"https:\/\/www.energie-info.fr\/pro\/actualites\/","url":"https:\/\/www.energie-info.fr\/pro\/actualites\/","name":"Actualit\u00e9s - \u00e9nergie-info PRO","isPartOf":{"@id":"https:\/\/www.energie-info.fr\/pro\/#website"},"datePublished":"2019-03-11T09:03:51+00:00","dateModified":"2019-03-11T14:36:02+00:00","breadcrumb":{"@id":"https:\/\/www.energie-info.fr\/pro\/actualites\/#breadcrumb"},"inLanguage":"fr-FR","potentialAction":[{"@type":"ReadAction","target":["https:\/\/www.energie-info.fr\/pro\/actualites\/"]}]},{"@type":"BreadcrumbList","@id":"https:\/\/www.energie-info.fr\/pro\/actualites\/#breadcrumb","itemListElement":[{"@type":"ListItem","position":1,"name":"Accueil","item":"https:\/\/www.energie-info.fr\/pro\/"},{"@type":"ListItem","position":2,"name":"Actualit\u00e9s"}]},{"@type":"WebSite","@id":"https:\/\/www.energie-info.fr\/pro\/#website","url":"https:\/\/www.energie-info.fr\/pro\/","name":"\u00e9nergie-info PRO","description":"energie-info.fr, le site d&#039;information du m\u00e9diateur national de l&#039;\u00e9nergie, institution publique ind\u00e9pendante","potentialAction":[{"@type":"SearchAction","target":{"@type":"EntryPoint","urlTemplate":"https:\/\/www.energie-info.fr\/pro\/?s={search_term_string}"},"query-input":{"@type":"PropertyValueSpecification","valueRequired":true,"valueName":"search_term_string"}}],"inLanguage":"fr-FR"}]}},"_links":{"self":[{"href":"https:\/\/www.energie-info.fr\/pro\/wp-json\/wp\/v2\/pages\/9","targetHints":{"allow":["GET"]}}],"collection":[{"href":"https:\/\/www.energie-info.fr\/pro\/wp-json\/wp\/v2\/pages"}],"about":[{"href":"https:\/\/www.energie-info.fr\/pro\/wp-json\/wp\/v2\/types\/page"}],"author":[{"embeddable":true,"href":"https:\/\/www.energie-info.fr\/pro\/wp-json\/wp\/v2\/users\/2"}],"replies":[{"embeddable":true,"href":"https:\/\/www.energie-info.fr\/pro\/wp-json\/wp\/v2\/comments?post=9"}],"version-history":[{"count":1,"href":"https:\/\/www.energie-info.fr\/pro\/wp-json\/wp\/v2\/pages\/9\/revisions"}],"predecessor-version":[{"id":10,"href":"https:\/\/www.energie-info.fr\/pro\/wp-json\/wp\/v2\/pages\/9\/revisions\/10"}],"wp:attachment":[{"href":"https:\/\/www.energie-info.fr\/pro\/wp-json\/wp\/v2\/media?parent=9"}],"curies":[{"name":"wp","href":"https:\/\/api.w.org\/{rel}","templated":true}]}}